{"id":454,"date":"2024-10-18T09:09:16","date_gmt":"2024-10-18T09:09:16","guid":{"rendered":"https:\/\/steriok.es\/blog\/"},"modified":"2024-12-17T15:54:12","modified_gmt":"2024-12-17T15:54:12","slug":"blog","status":"publish","type":"page","link":"https:\/\/steriok.es\/ca\/blog\/","title":{"rendered":"Blog"},"content":{"rendered":"<p>[et_pb_section fb_built=&#8221;1&#8243; admin_label=&#8221;Blog&#8221; _builder_version=&#8221;4.19.1&#8243; _module_preset=&#8221;default&#8221; custom_padding=&#8221;||174px|||&#8221; collapsed=&#8221;on&#8221; global_colors_info=&#8221;{}&#8221;][et_pb_row _builder_version=&#8221;4.27.2&#8243; _module_preset=&#8221;default&#8221; max_width=&#8221;700px&#8221; hover_enabled=&#8221;0&#8243; global_colors_info=&#8221;{}&#8221; sticky_enabled=&#8221;0&#8243;][et_pb_column type=&#8221;4_4&#8243; _builder_version=&#8221;4.19.1&#8243; _module_preset=&#8221;default&#8221; global_colors_info=&#8221;{}&#8221;][et_pb_text _builder_version=&#8221;4.27.2&#8243; text_font=&#8221;Open Sans||||||||&#8221; header_font=&#8221;Noto Sans|600|||||||&#8221; header_font_size=&#8221;50px&#8221; header_letter_spacing=&#8221;-1px&#8221; header_line_height=&#8221;1.3em&#8221; header_2_font=&#8221;Montserrat|300|||||||&#8221; header_2_text_align=&#8221;center&#8221; header_2_text_color=&#8221;#333333&#8243; header_2_font_size=&#8221;45px&#8221; header_2_line_height=&#8221;1.4em&#8221; text_orientation=&#8221;center&#8221; custom_margin=&#8221;||62px|||&#8221; animation_style=&#8221;slide&#8221; animation_direction=&#8221;bottom&#8221; hover_enabled=&#8221;0&#8243; header_font_size_tablet=&#8221;35px&#8221; header_font_size_phone=&#8221;25px&#8221; header_font_size_last_edited=&#8221;on|desktop&#8221; locked=&#8221;off&#8221; global_colors_info=&#8221;{}&#8221; custom_padding=&#8221;||1px|||&#8221; sticky_enabled=&#8221;0&#8243;]<\/p>\n<h2>Blog<\/h2>\n<p><strong>Benvinguts al Blog de Steriok: Tot sobre Desinfecci\u00f3, Esterilitzaci\u00f3 i Seguretat per a la teva Cl\u00ednica.<\/strong><\/p>\n<p>A Steriok entenem la import\u00e0ncia de mantenir un entorn cl\u00ednic segur i lliure de riscos. Per aix\u00f2 hem creat aquest espai dedicat a proporcionar informaci\u00f3 pr\u00e0ctica, actualitzada i fiable sobre desinfecci\u00f3, esterilitzaci\u00f3 i les millors pr\u00e0ctiques en seguretat. El nostre objectiu \u00e9s ser la teva font de refer\u00e8ncia per garantir que la teva cl\u00ednica compleixi els est\u00e0ndards m\u00e9s alts d&#8217;higiene i protecci\u00f3, tant pel teu equip com pels teus pacients.<\/p>\n<p>[\/et_pb_text][\/et_pb_column][\/et_pb_row][et_pb_row _builder_version=&#8221;4.27.2&#8243; _module_preset=&#8221;default&#8221; global_colors_info=&#8221;{}&#8221;][et_pb_column type=&#8221;4_4&#8243; _builder_version=&#8221;4.19.1&#8243; _module_preset=&#8221;default&#8221; global_colors_info=&#8221;{}&#8221;][et_pb_blog fullwidth=&#8221;off&#8221; posts_number=&#8221;9&#8243; include_categories=&#8221;2&#8243; show_more=&#8221;on&#8221; show_author=&#8221;off&#8221; show_categories=&#8221;off&#8221; masonry_tile_background_color=&#8221;RGBA(255,255,255,0)&#8221; _builder_version=&#8221;4.27.2&#8243; _module_preset=&#8221;_initial&#8221; header_font=&#8221;Montserrat|500|||||||&#8221; header_font_size=&#8221;20px&#8221; header_line_height=&#8221;1.2em&#8221; body_font=&#8221;&#8211;et_global_body_font||||||||&#8221; body_line_height=&#8221;1.6em&#8221; meta_font=&#8221;Source Sans Pro|600|||||||&#8221; meta_text_color=&#8221;gcid-cb91e05a-a65b-4604-a848-3eebeb47b543&#8243; read_more_font=&#8221;Montserrat|500||on|||||&#8221; read_more_text_color=&#8221;#333333&#8243; read_more_font_size=&#8221;12px&#8221; read_more_line_height=&#8221;3em&#8221; pagination_font=&#8221;Source Sans Pro|700||on|||||&#8221; pagination_text_color=&#8221;#000000&#8243; header_font_size_tablet=&#8221;16px&#8221; header_font_size_phone=&#8221;15px&#8221; header_font_size_last_edited=&#8221;on|desktop&#8221; read_more_text_shadow_style=&#8221;preset5&#8243; border_radii=&#8221;on|30px|30px|30px|30px&#8221; border_color_all=&#8221;rgba(0,0,0,0.12)&#8221; locked=&#8221;off&#8221; global_colors_info=&#8221;{%22gcid-cb91e05a-a65b-4604-a848-3eebeb47b543%22:%91%22meta_text_color%22%93}&#8221;][\/et_pb_blog][\/et_pb_column][\/et_pb_row][et_pb_row _builder_version=&#8221;4.27.2&#8243; _module_preset=&#8221;default&#8221;][et_pb_column _builder_version=&#8221;4.27.2&#8243; _module_preset=&#8221;default&#8221; type=&#8221;4_4&#8243;][et_pb_text _builder_version=&#8221;4.27.2&#8243; _module_preset=&#8221;default&#8221; hover_enabled=&#8221;0&#8243; sticky_enabled=&#8221;0&#8243;]<\/p>\n<p>En aquest bloc trobar\u00e0s:<\/p>\n<ul>\n<li><strong>Guies pr\u00e0ctiques i tutorials<\/strong> : Apr\u00e8n pas a pas com implementar processos efica\u00e7os de desinfecci\u00f3 i esterilitzaci\u00f3 a la teva cl\u00ednica.<\/li>\n<li><strong>Tend\u00e8ncies i aven\u00e7os tecnol\u00f2gics<\/strong> : Estigues al dia amb les darreres innovacions en equips i productes que optimitzen la seguretat en l&#8217;\u00e0mbit cl\u00ednic.<\/li>\n<li><strong>Normatives i compliment legal<\/strong> : Ent\u00e9n les regulacions locals i internacionals i com aplicar-les a la teva pr\u00e0ctica di\u00e0ria.<\/li>\n<li><strong>Consells per al dia a dia<\/strong> : Descobriu solucions pr\u00e0ctiques per prevenir infeccions creuades, gestionar residus perillosos i mantenir un entorn segur.<\/li>\n<\/ul>\n<p>A Steriok sabem que cada cl\u00ednica t\u00e9 els seus propis desafiaments, per la qual cosa tamb\u00e9 abordarem temes espec\u00edfics per a diferents especialitats, des de odontologia fins a cirurgia ambulat\u00f2ria. Volem brindar-te eines que no nom\u00e9s millorin l&#8217;experi\u00e8ncia dels teus pacients, sin\u00f3 que tamb\u00e9 et permetin treballar amb m\u00e9s tranquil\u00b7litat i confian\u00e7a.<\/p>\n<p>Et convidem a subscriure&#8217;t i formar part de la nostra comunitat. Explora, apr\u00e8n i comparteix les teves inquietuds amb nosaltres. A Steriok, estem compromesos amb la seguretat, excel\u00b7l\u00e8ncia i salut de la teva cl\u00ednica. Benvingut!<\/p>\n<p>[\/et_pb_text][\/et_pb_column][\/et_pb_row][\/et_pb_section][et_pb_section fb_built=&#8221;1&#8243; fullwidth=&#8221;on&#8221; theme_builder_area=&#8221;post_content&#8221; _builder_version=&#8221;4.27.2&#8243; _module_preset=&#8221;default&#8221;][\/et_pb_section]<\/p>\n","protected":false},"excerpt":{"rendered":"<p>Blog Benvinguts al Blog de Steriok: Tot sobre Desinfecci\u00f3, Esterilitzaci\u00f3 i Seguretat per a la teva Cl\u00ednica. A Steriok entenem la import\u00e0ncia de mantenir un entorn cl\u00ednic segur i lliure de riscos. Per aix\u00f2 hem creat aquest espai dedicat a proporcionar informaci\u00f3 pr\u00e0ctica, actualitzada i fiable sobre desinfecci\u00f3, esterilitzaci\u00f3 i les millors pr\u00e0ctiques en seguretat. [&hellip;]<\/p>\n","protected":false},"author":1,"featured_media":0,"parent":0,"menu_order":0,"comment_status":"closed","ping_status":"closed","template":"","meta":{"_et_pb_use_builder":"on","_et_pb_old_content":"","_et_gb_content_width":"","footnotes":""},"class_list":["post-454","page","type-page","status-publish","hentry"],"yoast_head":"<!-- This site is optimized with the Yoast SEO plugin v24.0 - https:\/\/yoast.com\/wordpress\/plugins\/seo\/ -->\n<title>Blog de Steriok - Steriok<\/title>\n<meta name=\"description\" content=\"El blog de SteriOk es la teva font de refer\u00e8ncia per a garantitzar que la teva cl\u00ednica compleix amb els est\u00e0ndards d&#039;higiene i protecci\u00f3.\" \/>\n<meta name=\"robots\" content=\"index, follow, max-snippet:-1, max-image-preview:large, max-video-preview:-1\" \/>\n<link rel=\"canonical\" href=\"https:\/\/steriok.es\/ca\/blog\/\" \/>\n<meta property=\"og:locale\" content=\"ca_ES\" \/>\n<meta property=\"og:type\" content=\"article\" \/>\n<meta property=\"og:title\" content=\"Blog de Steriok - Steriok\" \/>\n<meta property=\"og:description\" content=\"El blog de SteriOk es la teva font de refer\u00e8ncia per a garantitzar que la teva cl\u00ednica compleix amb els est\u00e0ndards d&#039;higiene i protecci\u00f3.\" \/>\n<meta property=\"og:url\" content=\"https:\/\/steriok.es\/ca\/blog\/\" \/>\n<meta property=\"og:site_name\" content=\"Steriok\" \/>\n<meta property=\"article:modified_time\" content=\"2024-12-17T15:54:12+00:00\" \/>\n<meta name=\"twitter:card\" content=\"summary_large_image\" \/>\n<meta name=\"twitter:label1\" content=\"Temps estimat de lectura\" \/>\n\t<meta name=\"twitter:data1\" content=\"2 minuts\" \/>\n<script type=\"application\/ld+json\" class=\"yoast-schema-graph\">{\"@context\":\"https:\/\/schema.org\",\"@graph\":[{\"@type\":\"WebPage\",\"@id\":\"https:\/\/steriok.es\/ca\/blog\/\",\"url\":\"https:\/\/steriok.es\/ca\/blog\/\",\"name\":\"Blog de Steriok - Steriok\",\"isPartOf\":{\"@id\":\"https:\/\/steriok.es\/#website\"},\"datePublished\":\"2024-10-18T09:09:16+00:00\",\"dateModified\":\"2024-12-17T15:54:12+00:00\",\"description\":\"El blog de SteriOk es la teva font de refer\u00e8ncia per a garantitzar que la teva cl\u00ednica compleix amb els est\u00e0ndards d'higiene i protecci\u00f3.\",\"breadcrumb\":{\"@id\":\"https:\/\/steriok.es\/ca\/blog\/#breadcrumb\"},\"inLanguage\":\"ca\",\"potentialAction\":[{\"@type\":\"ReadAction\",\"target\":[\"https:\/\/steriok.es\/ca\/blog\/\"]}]},{\"@type\":\"BreadcrumbList\",\"@id\":\"https:\/\/steriok.es\/ca\/blog\/#breadcrumb\",\"itemListElement\":[{\"@type\":\"ListItem\",\"position\":1,\"name\":\"Portada\",\"item\":\"https:\/\/steriok.es\/ca\/\"},{\"@type\":\"ListItem\",\"position\":2,\"name\":\"Blog\"}]},{\"@type\":\"WebSite\",\"@id\":\"https:\/\/steriok.es\/#website\",\"url\":\"https:\/\/steriok.es\/\",\"name\":\"Steriok\",\"description\":\"Control de Esterilizaci\u00f3n Inteligente para Cl\u00ednicas Dentales\",\"potentialAction\":[{\"@type\":\"SearchAction\",\"target\":{\"@type\":\"EntryPoint\",\"urlTemplate\":\"https:\/\/steriok.es\/?s={search_term_string}\"},\"query-input\":{\"@type\":\"PropertyValueSpecification\",\"valueRequired\":true,\"valueName\":\"search_term_string\"}}],\"inLanguage\":\"ca\"}]}<\/script>\n<!-- \/ Yoast SEO plugin. -->","yoast_head_json":{"title":"Blog de Steriok - Steriok","description":"El blog de SteriOk es la teva font de refer\u00e8ncia per a garantitzar que la teva cl\u00ednica compleix amb els est\u00e0ndards d'higiene i protecci\u00f3.","robots":{"index":"index","follow":"follow","max-snippet":"max-snippet:-1","max-image-preview":"max-image-preview:large","max-video-preview":"max-video-preview:-1"},"canonical":"https:\/\/steriok.es\/ca\/blog\/","og_locale":"ca_ES","og_type":"article","og_title":"Blog de Steriok - Steriok","og_description":"El blog de SteriOk es la teva font de refer\u00e8ncia per a garantitzar que la teva cl\u00ednica compleix amb els est\u00e0ndards d'higiene i protecci\u00f3.","og_url":"https:\/\/steriok.es\/ca\/blog\/","og_site_name":"Steriok","article_modified_time":"2024-12-17T15:54:12+00:00","twitter_card":"summary_large_image","twitter_misc":{"Temps estimat de lectura":"2 minuts"},"schema":{"@context":"https:\/\/schema.org","@graph":[{"@type":"WebPage","@id":"https:\/\/steriok.es\/ca\/blog\/","url":"https:\/\/steriok.es\/ca\/blog\/","name":"Blog de Steriok - Steriok","isPartOf":{"@id":"https:\/\/steriok.es\/#website"},"datePublished":"2024-10-18T09:09:16+00:00","dateModified":"2024-12-17T15:54:12+00:00","description":"El blog de SteriOk es la teva font de refer\u00e8ncia per a garantitzar que la teva cl\u00ednica compleix amb els est\u00e0ndards d'higiene i protecci\u00f3.","breadcrumb":{"@id":"https:\/\/steriok.es\/ca\/blog\/#breadcrumb"},"inLanguage":"ca","potentialAction":[{"@type":"ReadAction","target":["https:\/\/steriok.es\/ca\/blog\/"]}]},{"@type":"BreadcrumbList","@id":"https:\/\/steriok.es\/ca\/blog\/#breadcrumb","itemListElement":[{"@type":"ListItem","position":1,"name":"Portada","item":"https:\/\/steriok.es\/ca\/"},{"@type":"ListItem","position":2,"name":"Blog"}]},{"@type":"WebSite","@id":"https:\/\/steriok.es\/#website","url":"https:\/\/steriok.es\/","name":"Steriok","description":"Control de Esterilizaci\u00f3n Inteligente para Cl\u00ednicas Dentales","potentialAction":[{"@type":"SearchAction","target":{"@type":"EntryPoint","urlTemplate":"https:\/\/steriok.es\/?s={search_term_string}"},"query-input":{"@type":"PropertyValueSpecification","valueRequired":true,"valueName":"search_term_string"}}],"inLanguage":"ca"}]}},"_links":{"self":[{"href":"https:\/\/steriok.es\/ca\/wp-json\/wp\/v2\/pages\/454","targetHints":{"allow":["GET"]}}],"collection":[{"href":"https:\/\/steriok.es\/ca\/wp-json\/wp\/v2\/pages"}],"about":[{"href":"https:\/\/steriok.es\/ca\/wp-json\/wp\/v2\/types\/page"}],"author":[{"embeddable":true,"href":"https:\/\/steriok.es\/ca\/wp-json\/wp\/v2\/users\/1"}],"replies":[{"embeddable":true,"href":"https:\/\/steriok.es\/ca\/wp-json\/wp\/v2\/comments?post=454"}],"version-history":[{"count":4,"href":"https:\/\/steriok.es\/ca\/wp-json\/wp\/v2\/pages\/454\/revisions"}],"predecessor-version":[{"id":474,"href":"https:\/\/steriok.es\/ca\/wp-json\/wp\/v2\/pages\/454\/revisions\/474"}],"wp:attachment":[{"href":"https:\/\/steriok.es\/ca\/wp-json\/wp\/v2\/media?parent=454"}],"curies":[{"name":"wp","href":"https:\/\/api.w.org\/{rel}","templated":true}]}}